{"id":3758,"date":"2021-03-30T15:50:30","date_gmt":"2021-03-30T15:50:30","guid":{"rendered":"https:\/\/marbellapropiedades.com\/lifestyle\/"},"modified":"2022-10-14T09:29:48","modified_gmt":"2022-10-14T07:29:48","slug":"lifestyle-marbella","status":"publish","type":"page","link":"https:\/\/test2.ounti.es\/en\/lifestyle-marbella\/","title":{"rendered":"Lifestyle"},"content":{"rendered":"\t\t<div data-elementor-type=\"wp-page\" data-elementor-id=\"3758\" class=\"elementor elementor-3758\">\n\t\t\t\t\t\t<section class=\"elementor-section elementor-top-section elementor-element elementor-element-e064b9d elementor-section-boxed elementor-section-height-default elementor-section-height-default\" data-id=\"e064b9d\" data-element_type=\"section\">\n\t\t\t\t\t\t<div class=\"elementor-container elementor-column-gap-default\">\n\t\t\t\t\t<div class=\"elementor-column elementor-col-100 elementor-top-column elementor-element elementor-element-f2c4687\" data-id=\"f2c4687\" data-element_type=\"column\">\n\t\t\t<div class=\"elementor-widget-wrap elementor-element-populated\">\n\t\t\t\t\t\t<div class=\"elementor-element elementor-element-e2fa474 elementor-widget elementor-widget-heading\" data-id=\"e2fa474\" data-element_type=\"widget\" data-widget_type=\"heading.default\">\n\t\t\t\t<div class=\"elementor-widget-container\">\n\t\t\t\t\t<h2 class=\"elementor-heading-title elementor-size-default\">LIFESTYLE SEARCH<\/h2>\t\t\t\t<\/div>\n\t\t\t\t<\/div>\n\t\t\t\t\t<\/div>\n\t\t<\/div>\n\t\t\t\t\t<\/div>\n\t\t<\/section>\n\t\t\t\t<section class=\"elementor-section elementor-top-section elementor-element elementor-element-4380190 elementor-section-boxed elementor-section-height-default elementor-section-height-default\" data-id=\"4380190\" data-element_type=\"section\">\n\t\t\t\t\t\t<div class=\"elementor-container elementor-column-gap-default\">\n\t\t\t\t\t<div class=\"elementor-column elementor-col-50 elementor-top-column elementor-element elementor-element-8ff2022\" data-id=\"8ff2022\" data-element_type=\"column\">\n\t\t\t<div class=\"elementor-widget-wrap elementor-element-populated\">\n\t\t\t\t\t\t<div class=\"elementor-element elementor-element-874b30f elementor-widget elementor-widget-WpResidence_Display_Categories\" data-id=\"874b30f\" data-element_type=\"widget\" data-widget_type=\"WpResidence_Display_Categories.default\">\n\t\t\t\t<div class=\"elementor-widget-container\">\n\t\t\t\t\t<div class=\"wpresidence_shortcode_listings_wrapper row m-0\"><div class=\"places_wrapper_type_2 col-md-12\">\n\n    <div class=\"places_background_image\" style=\"background-image: url(https:\/\/test2.ounti.es\/wp-content\/uploads\/2022\/07\/Villas-Marbella-Propiedades-980x777.jpg);\">\n        <div class=\"places_cover\" data-link=\"https:\/\/test2.ounti.es\/categorias\/villas\/\"><\/div>\n        <div class=\"places_type_2_content\">\n            <h4>\n                <a href=\"https:\/\/test2.ounti.es\/categorias\/villas\/\">\n                    Villas                <\/a>\n            <\/h4>\n            <div class=\"places_type_2_tagline\">\n                            <\/div>\n            <div class=\"places_type_2_listings_no\">\n                15 Listings            <\/div>\n        <\/div>\n    <\/div>\n<\/div><\/div>\t\t\t\t<\/div>\n\t\t\t\t<\/div>\n\t\t\t\t\t<\/div>\n\t\t<\/div>\n\t\t\t\t<div class=\"elementor-column elementor-col-25 elementor-top-column elementor-element elementor-element-52b996b\" data-id=\"52b996b\" data-element_type=\"column\">\n\t\t\t<div class=\"elementor-widget-wrap elementor-element-populated\">\n\t\t\t\t\t\t<div class=\"elementor-element elementor-element-0dbfeff elementor-widget elementor-widget-WpResidence_Display_Categories\" data-id=\"0dbfeff\" data-element_type=\"widget\" data-widget_type=\"WpResidence_Display_Categories.default\">\n\t\t\t\t<div class=\"elementor-widget-container\">\n\t\t\t\t\t<div class=\"wpresidence_shortcode_listings_wrapper row m-0\"><div class=\"places_wrapper_type_2 col-md-12\">\n\n    <div class=\"places_background_image\" style=\"background-image: url(https:\/\/test2.ounti.es\/wp-content\/uploads\/2025\/05\/town_web-980x777.jpg);min-height:100px;height:190px;\">\n        <div class=\"places_cover\" data-link=\"https:\/\/test2.ounti.es\/categorias\/ciudad\/\"><\/div>\n        <div class=\"places_type_2_content\">\n            <h4>\n                <a href=\"https:\/\/test2.ounti.es\/categorias\/ciudad\/\">\n                    Ciudad                <\/a>\n            <\/h4>\n            <div class=\"places_type_2_tagline\">\n                            <\/div>\n            <div class=\"places_type_2_listings_no\">\n                14 Listings            <\/div>\n        <\/div>\n    <\/div>\n<\/div><\/div>\t\t\t\t<\/div>\n\t\t\t\t<\/div>\n\t\t\t\t<div class=\"elementor-element elementor-element-4777709 elementor-widget elementor-widget-WpResidence_Display_Categories\" data-id=\"4777709\" data-element_type=\"widget\" data-widget_type=\"WpResidence_Display_Categories.default\">\n\t\t\t\t<div class=\"elementor-widget-container\">\n\t\t\t\t\t<div class=\"wpresidence_shortcode_listings_wrapper row m-0\"><div class=\"places_wrapper_type_2 col-md-12\">\n\n    <div class=\"places_background_image\" style=\"background-image: url(https:\/\/test2.ounti.es\/wp-content\/uploads\/2019\/04\/Qu\u00e9-hacer-y-qu\u00e9-ver-en-Marbella-M\u00e1laga.jpg);min-height:100px;height:190px;\">\n        <div class=\"places_cover\" data-link=\"https:\/\/test2.ounti.es\/categorias\/puerto-banus\/\"><\/div>\n        <div class=\"places_type_2_content\">\n            <h4>\n                <a href=\"https:\/\/test2.ounti.es\/categorias\/puerto-banus\/\">\n                    Puerto Ban\u00fas                <\/a>\n            <\/h4>\n            <div class=\"places_type_2_tagline\">\n                            <\/div>\n            <div class=\"places_type_2_listings_no\">\n                1 Listing            <\/div>\n        <\/div>\n    <\/div>\n<\/div><\/div>\t\t\t\t<\/div>\n\t\t\t\t<\/div>\n\t\t\t\t\t<\/div>\n\t\t<\/div>\n\t\t\t\t<div class=\"elementor-column elementor-col-25 elementor-top-column elementor-element elementor-element-396c050\" data-id=\"396c050\" data-element_type=\"column\">\n\t\t\t<div class=\"elementor-widget-wrap elementor-element-populated\">\n\t\t\t\t\t\t<div class=\"elementor-element elementor-element-9c61bdd elementor-widget elementor-widget-WpResidence_Display_Categories\" data-id=\"9c61bdd\" data-element_type=\"widget\" data-widget_type=\"WpResidence_Display_Categories.default\">\n\t\t\t\t<div class=\"elementor-widget-container\">\n\t\t\t\t\t<div class=\"wpresidence_shortcode_listings_wrapper row m-0\"><div class=\"places_wrapper_type_2 col-md-12\">\n\n    <div class=\"places_background_image\" style=\"background-image: url(https:\/\/test2.ounti.es\/wp-content\/uploads\/2021\/03\/DSC_9989-980x777.jpg);\">\n        <div class=\"places_cover\" data-link=\"https:\/\/test2.ounti.es\/categorias\/playa\/\"><\/div>\n        <div class=\"places_type_2_content\">\n            <h4>\n                <a href=\"https:\/\/test2.ounti.es\/categorias\/playa\/\">\n                    Playa                <\/a>\n            <\/h4>\n            <div class=\"places_type_2_tagline\">\n                            <\/div>\n            <div class=\"places_type_2_listings_no\">\n                12 Listings            <\/div>\n        <\/div>\n    <\/div>\n<\/div><\/div>\t\t\t\t<\/div>\n\t\t\t\t<\/div>\n\t\t\t\t\t<\/div>\n\t\t<\/div>\n\t\t\t\t\t<\/div>\n\t\t<\/section>\n\t\t\t\t<section class=\"elementor-section elementor-top-section elementor-element elementor-element-ac619a9 elementor-section-boxed elementor-section-height-default elementor-section-height-default\" data-id=\"ac619a9\" data-element_type=\"section\">\n\t\t\t\t\t\t<div class=\"elementor-container elementor-column-gap-default\">\n\t\t\t\t\t<div class=\"elementor-column elementor-col-25 elementor-top-column elementor-element elementor-element-0a882c4\" data-id=\"0a882c4\" data-element_type=\"column\">\n\t\t\t<div class=\"elementor-widget-wrap elementor-element-populated\">\n\t\t\t\t\t\t<div class=\"elementor-element elementor-element-ff50c4e elementor-widget elementor-widget-WpResidence_Display_Categories\" data-id=\"ff50c4e\" data-element_type=\"widget\" data-widget_type=\"WpResidence_Display_Categories.default\">\n\t\t\t\t<div class=\"elementor-widget-container\">\n\t\t\t\t\t<div class=\"wpresidence_shortcode_listings_wrapper row m-0\"><div class=\"places_wrapper_type_2 col-md-12\">\n\n    <div class=\"places_background_image\" style=\"background-image: url(https:\/\/test2.ounti.es\/wp-content\/uploads\/2025\/08\/golf-course-scaled-1-980x777.jpg);\">\n        <div class=\"places_cover\" data-link=\"https:\/\/test2.ounti.es\/categorias\/golf\/\"><\/div>\n        <div class=\"places_type_2_content\">\n            <h4>\n                <a href=\"https:\/\/test2.ounti.es\/categorias\/golf\/\">\n                    Golf                <\/a>\n            <\/h4>\n            <div class=\"places_type_2_tagline\">\n                            <\/div>\n            <div class=\"places_type_2_listings_no\">\n                24 Listings            <\/div>\n        <\/div>\n    <\/div>\n<\/div><\/div>\t\t\t\t<\/div>\n\t\t\t\t<\/div>\n\t\t\t\t\t<\/div>\n\t\t<\/div>\n\t\t\t\t<div class=\"elementor-column elementor-col-25 elementor-top-column elementor-element elementor-element-d271aff\" data-id=\"d271aff\" data-element_type=\"column\">\n\t\t\t<div class=\"elementor-widget-wrap elementor-element-populated\">\n\t\t\t\t\t\t<div class=\"elementor-element elementor-element-375fd67 elementor-widget elementor-widget-WpResidence_Display_Categories\" data-id=\"375fd67\" data-element_type=\"widget\" data-widget_type=\"WpResidence_Display_Categories.default\">\n\t\t\t\t<div class=\"elementor-widget-container\">\n\t\t\t\t\t<div class=\"wpresidence_shortcode_listings_wrapper row m-0\"><div class=\"places_wrapper_type_2 col-md-12\">\n\n    <div class=\"places_background_image\" style=\"background-image: url(https:\/\/test2.ounti.es\/wp-content\/uploads\/2019\/04\/Atlas-Signatue-Homes-Area-1-Medium-1.jpg);min-height:100px;height:190px;\">\n        <div class=\"places_cover\" data-link=\"https:\/\/test2.ounti.es\/categorias\/inversion\/\"><\/div>\n        <div class=\"places_type_2_content\">\n            <h4>\n                <a href=\"https:\/\/test2.ounti.es\/categorias\/inversion\/\">\n                    Inversi\u00f3n                <\/a>\n            <\/h4>\n            <div class=\"places_type_2_tagline\">\n                            <\/div>\n            <div class=\"places_type_2_listings_no\">\n                0 Listings            <\/div>\n        <\/div>\n    <\/div>\n<\/div><\/div>\t\t\t\t<\/div>\n\t\t\t\t<\/div>\n\t\t\t\t<div class=\"elementor-element elementor-element-4bcb3db elementor-widget elementor-widget-WpResidence_Display_Categories\" data-id=\"4bcb3db\" data-element_type=\"widget\" data-widget_type=\"WpResidence_Display_Categories.default\">\n\t\t\t\t<div class=\"elementor-widget-container\">\n\t\t\t\t\t<div class=\"wpresidence_shortcode_listings_wrapper row m-0\"><div class=\"places_wrapper_type_2 col-md-12\">\n\n    <div class=\"places_background_image\" style=\"background-image: url(https:\/\/test2.ounti.es\/wp-content\/uploads\/2021\/06\/oportunidades-980x777.jpg);min-height:100px;height:190px;\">\n        <div class=\"places_cover\" data-link=\"https:\/\/test2.ounti.es\/categorias\/oportunidades\/\"><\/div>\n        <div class=\"places_type_2_content\">\n            <h4>\n                <a href=\"https:\/\/test2.ounti.es\/categorias\/oportunidades\/\">\n                    Oportunidades                <\/a>\n            <\/h4>\n            <div class=\"places_type_2_tagline\">\n                            <\/div>\n            <div class=\"places_type_2_listings_no\">\n                2 Listings            <\/div>\n        <\/div>\n    <\/div>\n<\/div><\/div>\t\t\t\t<\/div>\n\t\t\t\t<\/div>\n\t\t\t\t\t<\/div>\n\t\t<\/div>\n\t\t\t\t<div class=\"elementor-column elementor-col-25 elementor-top-column elementor-element elementor-element-f6a0814\" data-id=\"f6a0814\" data-element_type=\"column\">\n\t\t\t<div class=\"elementor-widget-wrap elementor-element-populated\">\n\t\t\t\t\t\t<div class=\"elementor-element elementor-element-691c1d9 elementor-widget elementor-widget-WpResidence_Display_Categories\" data-id=\"691c1d9\" data-element_type=\"widget\" data-widget_type=\"WpResidence_Display_Categories.default\">\n\t\t\t\t<div class=\"elementor-widget-container\">\n\t\t\t\t\t<div class=\"wpresidence_shortcode_listings_wrapper row m-0\"><div class=\"places_wrapper_type_2 col-md-12\">\n\n    <div class=\"places_background_image\" style=\"background-image: url(https:\/\/test2.ounti.es\/wp-content\/uploads\/2019\/03\/DSC1221-no-tower-low-res-1024x682.jpg);\">\n        <div class=\"places_cover\" data-link=\"https:\/\/test2.ounti.es\/categorias\/obra-nueva\/\"><\/div>\n        <div class=\"places_type_2_content\">\n            <h4>\n                <a href=\"https:\/\/test2.ounti.es\/categorias\/obra-nueva\/\">\n                    Obra Nueva                <\/a>\n            <\/h4>\n            <div class=\"places_type_2_tagline\">\n                            <\/div>\n            <div class=\"places_type_2_listings_no\">\n                42 Listings            <\/div>\n        <\/div>\n    <\/div>\n<\/div><\/div>\t\t\t\t<\/div>\n\t\t\t\t<\/div>\n\t\t\t\t\t<\/div>\n\t\t<\/div>\n\t\t\t\t<div class=\"elementor-column elementor-col-25 elementor-top-column elementor-element elementor-element-5440377\" data-id=\"5440377\" data-element_type=\"column\">\n\t\t\t<div class=\"elementor-widget-wrap elementor-element-populated\">\n\t\t\t\t\t\t<div class=\"elementor-element elementor-element-cedffcd elementor-widget elementor-widget-WpResidence_Display_Categories\" data-id=\"cedffcd\" data-element_type=\"widget\" data-widget_type=\"WpResidence_Display_Categories.default\">\n\t\t\t\t<div class=\"elementor-widget-container\">\n\t\t\t\t\t<div class=\"wpresidence_shortcode_listings_wrapper row m-0\"><div class=\"places_wrapper_type_2 col-md-12\">\n\n    <div class=\"places_background_image\" style=\"background-image: url(https:\/\/test2.ounti.es\/wp-content\/uploads\/2021\/06\/lujo-980x773.jpeg);\">\n        <div class=\"places_cover\" data-link=\"https:\/\/test2.ounti.es\/categorias\/lujo\/\"><\/div>\n        <div class=\"places_type_2_content\">\n            <h4>\n                <a href=\"https:\/\/test2.ounti.es\/categorias\/lujo\/\">\n                    Lujo                <\/a>\n            <\/h4>\n            <div class=\"places_type_2_tagline\">\n                            <\/div>\n            <div class=\"places_type_2_listings_no\">\n                33 Listings            <\/div>\n        <\/div>\n    <\/div>\n<\/div><\/div>\t\t\t\t<\/div>\n\t\t\t\t<\/div>\n\t\t\t\t\t<\/div>\n\t\t<\/div>\n\t\t\t\t\t<\/div>\n\t\t<\/section>\n\t\t\t\t<section class=\"elementor-section elementor-top-section elementor-element elementor-element-2a31b90 elementor-section-boxed elementor-section-height-default elementor-section-height-default\" data-id=\"2a31b90\" data-element_type=\"section\">\n\t\t\t\t\t\t<div class=\"elementor-container elementor-column-gap-default\">\n\t\t\t\t\t<div class=\"elementor-column elementor-col-100 elementor-top-column elementor-element elementor-element-5693075\" data-id=\"5693075\" data-element_type=\"column\">\n\t\t\t<div class=\"elementor-widget-wrap\">\n\t\t\t\t\t\t\t<\/div>\n\t\t<\/div>\n\t\t\t\t\t<\/div>\n\t\t<\/section>\n\t\t\t\t<\/div>\n\t\t","protected":false},"excerpt":{"rendered":"<p>LIFESTYLE SEARCH Villas 3 Listings Town 15 Listings Puerto Ban\u00fas 1 Listings Beach 16 Listings Golf 11 Listings Invest 8 Listings Opportunity 11 Listings New Development 15 Listings Luxury 20 Listings<\/p>\n","protected":false},"author":12,"featured_media":7803,"parent":0,"menu_order":0,"comment_status":"closed","ping_status":"closed","template":"","meta":{"footnotes":""},"yst_prominent_words":[1578],"class_list":["post-3758","page","type-page","status-publish","has-post-thumbnail","hentry"],"_links":{"self":[{"href":"https:\/\/test2.ounti.es\/en\/wp-json\/wp\/v2\/pages\/3758","targetHints":{"allow":["GET"]}}],"collection":[{"href":"https:\/\/test2.ounti.es\/en\/wp-json\/wp\/v2\/pages"}],"about":[{"href":"https:\/\/test2.ounti.es\/en\/wp-json\/wp\/v2\/types\/page"}],"author":[{"embeddable":true,"href":"https:\/\/test2.ounti.es\/en\/wp-json\/wp\/v2\/users\/12"}],"replies":[{"embeddable":true,"href":"https:\/\/test2.ounti.es\/en\/wp-json\/wp\/v2\/comments?post=3758"}],"version-history":[{"count":0,"href":"https:\/\/test2.ounti.es\/en\/wp-json\/wp\/v2\/pages\/3758\/revisions"}],"wp:featuredmedia":[{"embeddable":true,"href":"https:\/\/test2.ounti.es\/en\/wp-json\/wp\/v2\/media\/7803"}],"wp:attachment":[{"href":"https:\/\/test2.ounti.es\/en\/wp-json\/wp\/v2\/media?parent=3758"}],"wp:term":[{"taxonomy":"yst_prominent_words","embeddable":true,"href":"https:\/\/test2.ounti.es\/en\/wp-json\/wp\/v2\/yst_prominent_words?post=3758"}],"curies":[{"name":"wp","href":"https:\/\/api.w.org\/{rel}","templated":true}]}}