{"id":3712,"date":"2021-03-30T12:00:23","date_gmt":"2021-03-30T12:00:23","guid":{"rendered":"https:\/\/marbellapropiedades.com\/politica-de-privacidad\/"},"modified":"2021-03-30T12:04:39","modified_gmt":"2021-03-30T12:04:39","slug":"privacy-policy","status":"publish","type":"page","link":"https:\/\/test2.ounti.es\/en\/privacy-policy\/","title":{"rendered":"PRIVACY POLICY"},"content":{"rendered":"<div class=\"wpb-content-wrapper\"><p>[vc_row][vc_column]<div class=\"spacer\" style=\"height:40px;\"><\/div>[vc_column_text]<\/p>\n<h1>PRIVACY POLICY<\/h1>\n<h2>Responsable \u2013 \u00bfqui\u00e9n es el responsable del tratamiento de los datos?<\/h2>\n<p>Identidad:\u00a0Marbella Propiedades<br \/>\nDomicilio social:\u00a0c\/ Sierra Blanca 2, Marbella<br \/>\nNIF:\u00a079041516.S<br \/>\nTel\u00e9fono:\u00a0951771192<br \/>\nCorreo Electr\u00f3nico:\u00a0info@marbellapropiedades.com<br \/>\nContacto:\u00a0Ivonne Gonz\u00e1lez N\u00e1jera<br \/>\nNombre del dominio:\u00a0https:\/\/test2.ounti.es\/<\/p>\n<h2>Finalidades \u2013 \u00bfcon qu\u00e9 finalidades tratamos tus datos?<\/h2>\n<p>En cumplimiento de lo dispuesto en el Reglamento Europeo 2016\/679 General de Protecci\u00f3n de Datos, te informamos de que trataremos los datos que nos facilitas para:<\/p>\n<ul>\n<li>Gestionar la contrataci\u00f3n de servicios que realice a trav\u00e9s de la Plataforma, as\u00ed como la facturaci\u00f3n y entrega correspondiente.<\/li>\n<li>Remitir peri\u00f3dicamente comunicaciones sobre servicios, eventos y noticias relacionadas con las actividades desarrolladas por Marbella Propiedades, por cualquier medio (tel\u00e9fono, correo postal o email), salvo que se indique lo contrario o el usuario se oponga o revoque su consentimiento.<\/li>\n<li>Remitir informaci\u00f3n comercial y \/ o promocional relacionada con el sector de servicios contratados y valor a\u00f1adido para usuarios finales, salvo que se indique lo contrario o el usuario se oponga o revoque su consentimiento.<\/li>\n<li>Dar cumplimiento a las obligaciones legalmente establecidas, as\u00ed como verificar el cumplimiento de las obligaciones contractuales, inclu\u00eda la prevenci\u00f3n de fraude.<\/li>\n<li>Cesi\u00f3n de datos a organismos y autoridades, siempre y cuando sean requeridos de conformidad con las disposiciones legales y reglamentarias.<\/li>\n<\/ul>\n<h2>Categor\u00edas de datos \u2013 \u00bfQu\u00e9 datos tratamos?<\/h2>\n<p>Derivada de las finalidades antes mencionadas, en Marbella Propiedades gestionamos las siguientes categor\u00edas de datos:<\/p>\n<ul>\n<li>Datos identificativos<\/li>\n<li>Metadatos de comunicaciones electr\u00f3nicas<\/li>\n<li>Datos de informaci\u00f3n comercial. En caso de que el usuario facilite datos de terceros, manifiesta contar con el consentimiento de estos y se compromete a trasladarle la informaci\u00f3n contenida en esta cl\u00e1usula, eximiendo a Marbella Propiedades de cualquier responsabilidad en este sentido.<\/li>\n<li>No obstante, Marbella Propiedades podr\u00e1 llevar a cabo las verificaciones para constatar este hecho, adoptando las medidas de diligencia debida que correspondan, conforme a la normativa de protecci\u00f3n de datos.<\/li>\n<\/ul>\n<h2>Legitimaci\u00f3n \u2013 \u00bfcu\u00e1l es la legitimaci\u00f3n para el tratamiento de tus datos?<\/h2>\n<p>El tratamiento de datos cuyo fin es el env\u00edo de boletines peri\u00f3dicos (newslettering) sobre servicios, eventos y noticias relacionadas con nuestra actividad profesional se basa en el consentimiento del interesado, solicitado expresamente para llevar a cabo dichos tratamientos, de acuerdo con la normativa vigente.<br \/>\nAdem\u00e1s, la legitimaci\u00f3n para el tratamiento de los datos relacionados con ofertas o colaboraciones se basan en el consentimiento del usuario que remite sus datos, que puede retirar en cualquier momento, si bien ello puede afectar a la posible comunicaci\u00f3n de forma fluida y obstrucci\u00f3n de procesos que desea realizar.<br \/>\nPor \u00faltimo, los datos se podr\u00e1n utilizar para dar cumplimiento a las obligaciones legales aplicables a Marbella Propiedades<\/p>\n<h2>Plazo de Conservaci\u00f3n de los Datos \u2013 \u00bfPor cu\u00e1nto tiempo conservaremos tus datos?<\/h2>\n<p>Marbella Propiedades conservar\u00e1 los datos personales de los usuarios \u00fanicamente durante el tiempo necesario para la realizaci\u00f3n de las finalidades para las que fueron recogidos, mientras no revoque los consentimientos otorgados. Posteriormente, en caso de ser necesario, mantendr\u00e1 la informaci\u00f3n bloqueada durante los plazos legalmente establecidos.<\/p>\n<h2>Destinatarios \u00bfA qu\u00e9 destinatarios se comunicar\u00e1n tus datos?<\/h2>\n<p>Tus datos podr\u00e1n ser accedidos por aquellos proveedores que prestan servicios a Marbella Propiedades, tales como servicios de alojamiento, herramientas de marketing y sistemas de contenido u otros profesionales, cuando dicha comunicaci\u00f3n sea necesaria normativamente, o para la ejecuci\u00f3n de los servicios contratados.<\/p>\n<p>Marbella Propiedades, ha suscrito los correspondientes contratos de encargo de tratamiento con cada uno de los proveedores que prestan servicios a Marbella Propiedades, con el objetivo de garantizar que dichos proveedores tratar\u00e1n tus datos de conformidad con lo establecido en la legislaci\u00f3n vigente.<\/p>\n<p>Tambi\u00e9n podr\u00e1n ser cedidos a las Fuerzas y Cuerpos de Seguridad del Estado en los casos que exista una obligaci\u00f3n legal.<\/p>\n<p>Bancos y entidades financieras, para el cobro de los servicios.<br \/>\nAdministraciones p\u00fablicas con competencia en los sectores de actividad, cuando as\u00ed lo establezca la normativa vigente.<\/p>\n<h2>Seguridad de la Informaci\u00f3n \u2013 \u00bfQu\u00e9 medidas de seguridad implantamos para cuidar sus datos?<\/h2>\n<p>Para proteger las diferentes tipolog\u00edas de datos reflejados en esta pol\u00edtica de privacidad llevar\u00e1 a cabo las medidas de seguridad t\u00e9cnicas necesarias para evitar su p\u00e9rdida, manipulaci\u00f3n, difusi\u00f3n o alteraci\u00f3n.<\/p>\n<ul>\n<li>Encriptaci\u00f3n de las comunicaciones entre el dispositivo del usuario y los servidores de Marbella Propiedades<\/li>\n<li>Encriptaci\u00f3n de la informaci\u00f3n en los propios servidores de Marbella Propiedades<\/li>\n<li>Otras medidas que eviten el acceso a los datos del usuario por parte de terceros.<\/li>\n<li>En aquellos casos en los que Marbella Propiedades cuente con prestadores de servicio para el mantenimiento de la plataforma que se encuentren fuera de la Uni\u00f3n Europea, estas trasferencias internacionales se hayan regularizadas atendiendo al compromiso de Marbella Propiedades con la protecci\u00f3n, integridad y seguridad de los datos personales de los usuarios.<\/li>\n<\/ul>\n<h2>Derechos \u2013 \u00bfCu\u00e1les son tus derechos cuando nos facilitas tus datos y c\u00f3mo puedes ejercerlos?<\/h2>\n<p>Tienes derecho a obtener confirmaci\u00f3n sobre si en Marbella Propiedades estamos tratando datos personales que te conciernan, o no.<br \/>\nAsimismo, tienes derecho a acceder a tus datos personales, as\u00ed como a solicitar la rectificaci\u00f3n de los datos inexactos o, en su caso, solicitar su supresi\u00f3n cuando, entre otros motivos, los datos ya no sean necesarios para los fines que fueron recogidos.<\/p>\n<p>En determinadas circunstancias, podr\u00e1s solicitar la limitaci\u00f3n del tratamiento de tus datos, en cuyo caso \u00fanicamente los conservaremos para el ejercicio o la defensa de reclamaciones.<br \/>\nEn determinadas circunstancias y por motivos relacionados con tu situaci\u00f3n particular, podr\u00e1s oponerte al tratamiento de tus datos. Marbella Propiedades dejar\u00e1 de tratar los datos, salvo por motivos leg\u00edtimos imperiosos, o el ejercicio o la defensa de posibles reclamaciones.<\/p>\n<p>Asimismo, puedes ejercer el derecho a la portabilidad de los datos, as\u00ed como retirar los consentimientos facilitados en cualquier momento, sin que ello afecte a la licitud del tratamiento basado en el consentimiento previo a su retirada.<\/p>\n<p>Si deseas hacer uso de cualquiera de tus derechos puede dirigirse a\u00a0<a href=\"mailto:info@marbellapropiedades.com\">info@marbellapropiedades.com<\/a>.<\/p>\n<p>Por \u00faltimo, te informamos que puedes dirigirte ante la Agencia Espa\u00f1ola de Protecci\u00f3n de Datos y dem\u00e1s organismos p\u00fablicos competentes para cualquier reclamaci\u00f3n derivada del tratamiento de tus datos personales.<\/p>\n<h2>Modificaci\u00f3n de la pol\u00edtica de privacidad<\/h2>\n<p>Marbella Propiedades podr\u00e1 modificar la presente Pol\u00edtica de Privacidad en cualquier momento, siendo publicadas las sucesivas versiones en el Sitio Web. En cualquier caso, Marbella Propiedades comunicar\u00e1 con previo aviso las modificaciones de la presente pol\u00edtica que afecten a los usuarios a fin de que puedan aceptar las mismas.<\/p>\n<p>La presente Pol\u00edtica de Privacidad se encuentra actualizada a fecha 27\/12\/2018 Marbella Propiedades (Espa\u00f1a). Reservados todos los derechos.<\/p>\n<p>Si lo deseas tambi\u00e9n puedes consultar nuestra\u00a0<a href=\"https:\/\/test2.ounti.es\/en\/contact-marbella-properties\/\">Pol\u00edtica de Cookies<\/a>[\/vc_column_text][\/vc_column][\/vc_row] <\/p>\n<\/div>","protected":false},"excerpt":{"rendered":"<p>[vc_row][vc_column][vc_column_text] PRIVACY POLICY Responsable \u2013 \u00bfqui\u00e9n es el responsable del tratamiento de los datos? Identidad:\u00a0Marbella Propiedades Domicilio social:\u00a0c\/ Sierra Blanca 2, Marbella NIF:\u00a079041516.S Tel\u00e9fono:\u00a0951771192 Correo Electr\u00f3nico:\u00a0info@marbellapropiedades.com Contacto:\u00a0Ivonne Gonz\u00e1lez N\u00e1jera Nombre del dominio:\u00a0https:\/\/test2.ounti.es\/ Finalidades \u2013 \u00bfcon qu\u00e9 finalidades tratamos tus datos? En cumplimiento de lo dispuesto en el Reglamento Europeo 2016\/679 General de Protecci\u00f3n de Datos, te informamos de que trataremos los datos que nos &#8230;<\/p>\n","protected":false},"author":12,"featured_media":0,"parent":0,"menu_order":0,"comment_status":"closed","ping_status":"closed","template":"","meta":{"footnotes":""},"yst_prominent_words":[],"class_list":["post-3712","page","type-page","status-publish","hentry"],"_links":{"self":[{"href":"https:\/\/test2.ounti.es\/en\/wp-json\/wp\/v2\/pages\/3712","targetHints":{"allow":["GET"]}}],"collection":[{"href":"https:\/\/test2.ounti.es\/en\/wp-json\/wp\/v2\/pages"}],"about":[{"href":"https:\/\/test2.ounti.es\/en\/wp-json\/wp\/v2\/types\/page"}],"author":[{"embeddable":true,"href":"https:\/\/test2.ounti.es\/en\/wp-json\/wp\/v2\/users\/12"}],"replies":[{"embeddable":true,"href":"https:\/\/test2.ounti.es\/en\/wp-json\/wp\/v2\/comments?post=3712"}],"version-history":[{"count":0,"href":"https:\/\/test2.ounti.es\/en\/wp-json\/wp\/v2\/pages\/3712\/revisions"}],"wp:attachment":[{"href":"https:\/\/test2.ounti.es\/en\/wp-json\/wp\/v2\/media?parent=3712"}],"wp:term":[{"taxonomy":"yst_prominent_words","embeddable":true,"href":"https:\/\/test2.ounti.es\/en\/wp-json\/wp\/v2\/yst_prominent_words?post=3712"}],"curies":[{"name":"wp","href":"https:\/\/api.w.org\/{rel}","templated":true}]}}